{"id":4067,"date":"2025-07-01T11:35:11","date_gmt":"2025-07-01T11:35:11","guid":{"rendered":"https:\/\/baytekmuh.com\/services\/"},"modified":"2025-07-23T12:35:20","modified_gmt":"2025-07-23T12:35:20","slug":"services","status":"publish","type":"page","link":"https:\/\/baytekmuh.com\/en\/services\/","title":{"rendered":"Services"},"content":{"rendered":"\t\t<div data-elementor-type=\"wp-page\" data-elementor-id=\"4067\" class=\"elementor elementor-4067 elementor-2289\" data-elementor-post-type=\"page\">\n\t\t\t\t\t\t<section class=\"elementor-section elementor-top-section elementor-element elementor-element-7e1c561 elementor-section-full_width elementor-section-height-default elementor-section-height-default\" data-id=\"7e1c561\" data-element_type=\"section\" data-settings=\"{&quot;background_background&quot;:&quot;classic&quot;}\">\n\t\t\t\t\t\t<div class=\"elementor-container elementor-column-gap-default\">\n\t\t\t\t\t<div class=\"elementor-column elementor-col-100 elementor-top-column elementor-element elementor-element-8c396f8\" data-id=\"8c396f8\" data-element_type=\"column\">\n\t\t\t<div class=\"elementor-widget-wrap elementor-element-populated\">\n\t\t\t\t\t\t<div class=\"elementor-element elementor-element-a460fca elementor-widget elementor-widget-heading\" data-id=\"a460fca\" data-element_type=\"widget\" data-widget_type=\"heading.default\">\n\t\t\t\t<div class=\"elementor-widget-container\">\n\t\t\t\t\t<h2 class=\"elementor-heading-title elementor-size-default\">Services<\/h2>\t\t\t\t<\/div>\n\t\t\t\t<\/div>\n\t\t\t\t<div class=\"elementor-element elementor-element-9cc7e95 elementor-widget-divider--view-line elementor-widget elementor-widget-divider\" data-id=\"9cc7e95\" data-element_type=\"widget\" data-widget_type=\"divider.default\">\n\t\t\t\t<div class=\"elementor-widget-container\">\n\t\t\t\t\t\t\t<div class=\"elementor-divider\">\n\t\t\t<span class=\"elementor-divider-separator\">\n\t\t\t\t\t\t<\/span>\n\t\t<\/div>\n\t\t\t\t\t\t<\/div>\n\t\t\t\t<\/div>\n\t\t\t\t<section class=\"elementor-section elementor-inner-section elementor-element elementor-element-11db3d8 elementor-section-boxed elementor-section-height-default elementor-section-height-default\" data-id=\"11db3d8\" data-element_type=\"section\">\n\t\t\t\t\t\t<div class=\"elementor-container elementor-column-gap-default\">\n\t\t\t\t\t<div class=\"elementor-column elementor-col-50 elementor-inner-column elementor-element elementor-element-3c057ab\" data-id=\"3c057ab\" data-element_type=\"column\" data-settings=\"{&quot;background_background&quot;:&quot;gradient&quot;}\">\n\t\t\t<div class=\"elementor-widget-wrap elementor-element-populated\">\n\t\t\t\t\t\t<div class=\"elementor-element elementor-element-1e50966 elementor-widget elementor-widget-image\" data-id=\"1e50966\" data-element_type=\"widget\" data-widget_type=\"image.default\">\n\t\t\t\t<div class=\"elementor-widget-container\">\n\t\t\t\t\t\t\t\t\t\t\t\t\t\t\t\t<a href=\"https:\/\/baytekmuh.com\/en\/services\/analysis\/\">\n\t\t\t\t\t\t\t<img fetchpriority=\"high\" decoding=\"async\" width=\"600\" height=\"400\" src=\"https:\/\/baytekmuh.com\/wp-content\/uploads\/2025\/07\/Analiz.jpg\" class=\"elementor-animation-grow attachment-full size-full wp-image-3577\" alt=\"\" srcset=\"https:\/\/baytekmuh.com\/wp-content\/uploads\/2025\/07\/Analiz.jpg 600w, https:\/\/baytekmuh.com\/wp-content\/uploads\/2025\/07\/Analiz-300x200.jpg 300w\" sizes=\"(max-width: 600px) 100vw, 600px\" \/>\t\t\t\t\t\t\t\t<\/a>\n\t\t\t\t\t\t\t\t\t\t\t\t\t\t\t<\/div>\n\t\t\t\t<\/div>\n\t\t\t\t<div class=\"elementor-element elementor-element-ea8d439 elementor-widget elementor-widget-heading\" data-id=\"ea8d439\" data-element_type=\"widget\" data-widget_type=\"heading.default\">\n\t\t\t\t<div class=\"elementor-widget-container\">\n\t\t\t\t\t<h2 class=\"elementor-heading-title elementor-size-default\"><a href=\"https:\/\/baytekmuh.com\/en\/services\/analysis\/\">Analysis<\/a><\/h2>\t\t\t\t<\/div>\n\t\t\t\t<\/div>\n\t\t\t\t\t<\/div>\n\t\t<\/div>\n\t\t\t\t<div class=\"elementor-column elementor-col-50 elementor-inner-column elementor-element elementor-element-a925d6b\" data-id=\"a925d6b\" data-element_type=\"column\" data-settings=\"{&quot;background_background&quot;:&quot;gradient&quot;}\">\n\t\t\t<div class=\"elementor-widget-wrap elementor-element-populated\">\n\t\t\t\t\t\t<div class=\"elementor-element elementor-element-71867c6 elementor-widget elementor-widget-image\" data-id=\"71867c6\" data-element_type=\"widget\" data-widget_type=\"image.default\">\n\t\t\t\t<div class=\"elementor-widget-container\">\n\t\t\t\t\t\t\t\t\t\t\t\t\t\t\t\t<a href=\"https:\/\/baytekmuh.com\/en\/services\/consulting\/\">\n\t\t\t\t\t\t\t<img decoding=\"async\" width=\"600\" height=\"400\" src=\"https:\/\/baytekmuh.com\/wp-content\/uploads\/2025\/07\/Danismanlik.jpg\" class=\"elementor-animation-grow attachment-full size-full wp-image-3578\" alt=\"\" srcset=\"https:\/\/baytekmuh.com\/wp-content\/uploads\/2025\/07\/Danismanlik.jpg 600w, https:\/\/baytekmuh.com\/wp-content\/uploads\/2025\/07\/Danismanlik-300x200.jpg 300w\" sizes=\"(max-width: 600px) 100vw, 600px\" \/>\t\t\t\t\t\t\t\t<\/a>\n\t\t\t\t\t\t\t\t\t\t\t\t\t\t\t<\/div>\n\t\t\t\t<\/div>\n\t\t\t\t<div class=\"elementor-element elementor-element-c6949c3 elementor-widget elementor-widget-heading\" data-id=\"c6949c3\" data-element_type=\"widget\" data-widget_type=\"heading.default\">\n\t\t\t\t<div class=\"elementor-widget-container\">\n\t\t\t\t\t<h2 class=\"elementor-heading-title elementor-size-default\"><a href=\"https:\/\/baytekmuh.com\/en\/services\/consulting\/\">Consulting<\/a><\/h2>\t\t\t\t<\/div>\n\t\t\t\t<\/div>\n\t\t\t\t\t<\/div>\n\t\t<\/div>\n\t\t\t\t\t<\/div>\n\t\t<\/section>\n\t\t\t\t<section class=\"elementor-section elementor-inner-section elementor-element elementor-element-efefc57 elementor-section-boxed elementor-section-height-default elementor-section-height-default\" data-id=\"efefc57\" data-element_type=\"section\">\n\t\t\t\t\t\t<div class=\"elementor-container elementor-column-gap-default\">\n\t\t\t\t\t<div class=\"elementor-column elementor-col-50 elementor-inner-column elementor-element elementor-element-3686d29\" data-id=\"3686d29\" data-element_type=\"column\" data-settings=\"{&quot;background_background&quot;:&quot;gradient&quot;}\">\n\t\t\t<div class=\"elementor-widget-wrap elementor-element-populated\">\n\t\t\t\t\t\t<div class=\"elementor-element elementor-element-fd56d64 elementor-widget elementor-widget-image\" data-id=\"fd56d64\" data-element_type=\"widget\" data-widget_type=\"image.default\">\n\t\t\t\t<div class=\"elementor-widget-container\">\n\t\t\t\t\t\t\t\t\t\t\t\t\t\t\t\t<a href=\"https:\/\/baytekmuh.com\/en\/services\/design\/\">\n\t\t\t\t\t\t\t<img decoding=\"async\" width=\"600\" height=\"402\" src=\"https:\/\/baytekmuh.com\/wp-content\/uploads\/2025\/07\/Dizayn.jpg\" class=\"elementor-animation-grow attachment-full size-full wp-image-3579\" alt=\"\" srcset=\"https:\/\/baytekmuh.com\/wp-content\/uploads\/2025\/07\/Dizayn.jpg 600w, https:\/\/baytekmuh.com\/wp-content\/uploads\/2025\/07\/Dizayn-300x201.jpg 300w\" sizes=\"(max-width: 600px) 100vw, 600px\" \/>\t\t\t\t\t\t\t\t<\/a>\n\t\t\t\t\t\t\t\t\t\t\t\t\t\t\t<\/div>\n\t\t\t\t<\/div>\n\t\t\t\t<div class=\"elementor-element elementor-element-80facc9 elementor-widget elementor-widget-heading\" data-id=\"80facc9\" data-element_type=\"widget\" data-widget_type=\"heading.default\">\n\t\t\t\t<div class=\"elementor-widget-container\">\n\t\t\t\t\t<h2 class=\"elementor-heading-title elementor-size-default\"><a href=\"https:\/\/baytekmuh.com\/en\/services\/design\/\">Design<\/a><\/h2>\t\t\t\t<\/div>\n\t\t\t\t<\/div>\n\t\t\t\t\t<\/div>\n\t\t<\/div>\n\t\t\t\t<div class=\"elementor-column elementor-col-50 elementor-inner-column elementor-element elementor-element-e0c9b73\" data-id=\"e0c9b73\" data-element_type=\"column\" data-settings=\"{&quot;background_background&quot;:&quot;gradient&quot;}\">\n\t\t\t<div class=\"elementor-widget-wrap elementor-element-populated\">\n\t\t\t\t\t\t<div class=\"elementor-element elementor-element-371a60a elementor-widget elementor-widget-image\" data-id=\"371a60a\" data-element_type=\"widget\" data-widget_type=\"image.default\">\n\t\t\t\t<div class=\"elementor-widget-container\">\n\t\t\t\t\t\t\t\t\t\t\t\t\t\t\t\t<a href=\"https:\/\/baytekmuh.com\/en\/services\/training\/\">\n\t\t\t\t\t\t\t<img loading=\"lazy\" decoding=\"async\" width=\"600\" height=\"400\" src=\"https:\/\/baytekmuh.com\/wp-content\/uploads\/2025\/07\/Egitim.jpg\" class=\"elementor-animation-grow attachment-full size-full wp-image-3580\" alt=\"\" srcset=\"https:\/\/baytekmuh.com\/wp-content\/uploads\/2025\/07\/Egitim.jpg 600w, https:\/\/baytekmuh.com\/wp-content\/uploads\/2025\/07\/Egitim-300x200.jpg 300w\" sizes=\"(max-width: 600px) 100vw, 600px\" \/>\t\t\t\t\t\t\t\t<\/a>\n\t\t\t\t\t\t\t\t\t\t\t\t\t\t\t<\/div>\n\t\t\t\t<\/div>\n\t\t\t\t<div class=\"elementor-element elementor-element-ed87547 elementor-widget elementor-widget-heading\" data-id=\"ed87547\" data-element_type=\"widget\" data-widget_type=\"heading.default\">\n\t\t\t\t<div class=\"elementor-widget-container\">\n\t\t\t\t\t<h2 class=\"elementor-heading-title elementor-size-default\"><a href=\"https:\/\/baytekmuh.com\/en\/services\/training\/\">Training<\/a><\/h2>\t\t\t\t<\/div>\n\t\t\t\t<\/div>\n\t\t\t\t\t<\/div>\n\t\t<\/div>\n\t\t\t\t\t<\/div>\n\t\t<\/section>\n\t\t\t\t<section class=\"elementor-section elementor-inner-section elementor-element elementor-element-800d1af elementor-hidden-desktop elementor-hidden-tablet elementor-hidden-mobile elementor-section-boxed elementor-section-height-default elementor-section-height-default\" data-id=\"800d1af\" data-element_type=\"section\">\n\t\t\t\t\t\t<div class=\"elementor-container elementor-column-gap-default\">\n\t\t\t\t\t<div class=\"elementor-column elementor-col-100 elementor-inner-column elementor-element elementor-element-b2632ca\" data-id=\"b2632ca\" data-element_type=\"column\">\n\t\t\t<div class=\"elementor-widget-wrap\">\n\t\t\t\t\t\t\t<\/div>\n\t\t<\/div>\n\t\t\t\t\t<\/div>\n\t\t<\/section>\n\t\t\t\t\t<\/div>\n\t\t<\/div>\n\t\t\t\t\t<\/div>\n\t\t<\/section>\n\t\t\t\t<\/div>\n\t\t","protected":false},"excerpt":{"rendered":"<p>Services Analysis Consulting Design Training<\/p>\n","protected":false},"author":1,"featured_media":0,"parent":0,"menu_order":0,"comment_status":"closed","ping_status":"closed","template":"","meta":{"footnotes":""},"class_list":["post-4067","page","type-page","status-publish","hentry"],"yoast_head":"<!-- This site is optimized with the Yoast SEO plugin v25.5 - https:\/\/yoast.com\/wordpress\/plugins\/seo\/ -->\n<title>Services - BAYTEK M\u00dcHEND\u0130SL\u0130K<\/title>\n<meta name=\"robots\" content=\"index, follow, max-snippet:-1, max-image-preview:large, max-video-preview:-1\" \/>\n<link rel=\"canonical\" href=\"https:\/\/baytekmuh.com\/hizmetlerimiz\/\" \/>\n<meta property=\"og:locale\" content=\"en_US\" \/>\n<meta property=\"og:type\" content=\"article\" \/>\n<meta property=\"og:title\" content=\"Services - BAYTEK M\u00dcHEND\u0130SL\u0130K\" \/>\n<meta property=\"og:description\" content=\"Services Analysis Consulting Design Training\" \/>\n<meta property=\"og:url\" content=\"https:\/\/baytekmuh.com\/hizmetlerimiz\/\" \/>\n<meta property=\"og:site_name\" content=\"BAYTEK M\u00dcHEND\u0130SL\u0130K\" \/>\n<meta property=\"article:modified_time\" content=\"2025-07-23T12:35:20+00:00\" \/>\n<meta property=\"og:image\" content=\"https:\/\/baytekmuh.com\/wp-content\/uploads\/2025\/07\/Analiz.jpg\" \/>\n\t<meta property=\"og:image:width\" content=\"600\" \/>\n\t<meta property=\"og:image:height\" content=\"400\" \/>\n\t<meta property=\"og:image:type\" content=\"image\/jpeg\" \/>\n<meta name=\"twitter:card\" content=\"summary_large_image\" \/>\n<meta name=\"twitter:label1\" content=\"Est. reading time\" \/>\n\t<meta name=\"twitter:data1\" content=\"1 minute\" \/>\n<script type=\"application\/ld+json\" class=\"yoast-schema-graph\">{\"@context\":\"https:\/\/schema.org\",\"@graph\":[{\"@type\":\"WebPage\",\"@id\":\"https:\/\/baytekmuh.com\/hizmetlerimiz\/\",\"url\":\"https:\/\/baytekmuh.com\/hizmetlerimiz\/\",\"name\":\"Services - BAYTEK M\u00dcHEND\u0130SL\u0130K\",\"isPartOf\":{\"@id\":\"https:\/\/baytekmuh.com\/#website\"},\"primaryImageOfPage\":{\"@id\":\"https:\/\/baytekmuh.com\/hizmetlerimiz\/#primaryimage\"},\"image\":{\"@id\":\"https:\/\/baytekmuh.com\/hizmetlerimiz\/#primaryimage\"},\"thumbnailUrl\":\"https:\/\/baytekmuh.com\/wp-content\/uploads\/2025\/07\/Analiz.jpg\",\"datePublished\":\"2025-07-01T11:35:11+00:00\",\"dateModified\":\"2025-07-23T12:35:20+00:00\",\"breadcrumb\":{\"@id\":\"https:\/\/baytekmuh.com\/hizmetlerimiz\/#breadcrumb\"},\"inLanguage\":\"en-US\",\"potentialAction\":[{\"@type\":\"ReadAction\",\"target\":[\"https:\/\/baytekmuh.com\/hizmetlerimiz\/\"]}]},{\"@type\":\"ImageObject\",\"inLanguage\":\"en-US\",\"@id\":\"https:\/\/baytekmuh.com\/hizmetlerimiz\/#primaryimage\",\"url\":\"https:\/\/baytekmuh.com\/wp-content\/uploads\/2025\/07\/Analiz.jpg\",\"contentUrl\":\"https:\/\/baytekmuh.com\/wp-content\/uploads\/2025\/07\/Analiz.jpg\"},{\"@type\":\"BreadcrumbList\",\"@id\":\"https:\/\/baytekmuh.com\/hizmetlerimiz\/#breadcrumb\",\"itemListElement\":[{\"@type\":\"ListItem\",\"position\":1,\"name\":\"Homepage\",\"item\":\"https:\/\/baytekmuh.com\/\"},{\"@type\":\"ListItem\",\"position\":2,\"name\":\"Services\"}]},{\"@type\":\"WebSite\",\"@id\":\"https:\/\/baytekmuh.com\/#website\",\"url\":\"https:\/\/baytekmuh.com\/\",\"name\":\"BAYTEK M\u00dcHEND\u0130SL\u0130K\",\"description\":\"BAYTEK M\u00dcHEND\u0130SL\u0130K\",\"publisher\":{\"@id\":\"https:\/\/baytekmuh.com\/#organization\"},\"potentialAction\":[{\"@type\":\"SearchAction\",\"target\":{\"@type\":\"EntryPoint\",\"urlTemplate\":\"https:\/\/baytekmuh.com\/?s={search_term_string}\"},\"query-input\":{\"@type\":\"PropertyValueSpecification\",\"valueRequired\":true,\"valueName\":\"search_term_string\"}}],\"inLanguage\":\"en-US\"},{\"@type\":\"Organization\",\"@id\":\"https:\/\/baytekmuh.com\/#organization\",\"name\":\"BAYTEK M\u00dcHEND\u0130SL\u0130K\",\"url\":\"https:\/\/baytekmuh.com\/\",\"logo\":{\"@type\":\"ImageObject\",\"inLanguage\":\"en-US\",\"@id\":\"https:\/\/baytekmuh.com\/#\/schema\/logo\/image\/\",\"url\":\"https:\/\/baytekmuh.com\/wp-content\/uploads\/2024\/09\/baytek-muhendislik-logo.jpeg\",\"contentUrl\":\"https:\/\/baytekmuh.com\/wp-content\/uploads\/2024\/09\/baytek-muhendislik-logo.jpeg\",\"width\":885,\"height\":196,\"caption\":\"BAYTEK M\u00dcHEND\u0130SL\u0130K\"},\"image\":{\"@id\":\"https:\/\/baytekmuh.com\/#\/schema\/logo\/image\/\"}}]}<\/script>\n<!-- \/ Yoast SEO plugin. -->","yoast_head_json":{"title":"Services - BAYTEK M\u00dcHEND\u0130SL\u0130K","robots":{"index":"index","follow":"follow","max-snippet":"max-snippet:-1","max-image-preview":"max-image-preview:large","max-video-preview":"max-video-preview:-1"},"canonical":"https:\/\/baytekmuh.com\/hizmetlerimiz\/","og_locale":"en_US","og_type":"article","og_title":"Services - BAYTEK M\u00dcHEND\u0130SL\u0130K","og_description":"Services Analysis Consulting Design Training","og_url":"https:\/\/baytekmuh.com\/hizmetlerimiz\/","og_site_name":"BAYTEK M\u00dcHEND\u0130SL\u0130K","article_modified_time":"2025-07-23T12:35:20+00:00","og_image":[{"width":600,"height":400,"url":"https:\/\/baytekmuh.com\/wp-content\/uploads\/2025\/07\/Analiz.jpg","type":"image\/jpeg"}],"twitter_card":"summary_large_image","twitter_misc":{"Est. reading time":"1 minute"},"schema":{"@context":"https:\/\/schema.org","@graph":[{"@type":"WebPage","@id":"https:\/\/baytekmuh.com\/hizmetlerimiz\/","url":"https:\/\/baytekmuh.com\/hizmetlerimiz\/","name":"Services - BAYTEK M\u00dcHEND\u0130SL\u0130K","isPartOf":{"@id":"https:\/\/baytekmuh.com\/#website"},"primaryImageOfPage":{"@id":"https:\/\/baytekmuh.com\/hizmetlerimiz\/#primaryimage"},"image":{"@id":"https:\/\/baytekmuh.com\/hizmetlerimiz\/#primaryimage"},"thumbnailUrl":"https:\/\/baytekmuh.com\/wp-content\/uploads\/2025\/07\/Analiz.jpg","datePublished":"2025-07-01T11:35:11+00:00","dateModified":"2025-07-23T12:35:20+00:00","breadcrumb":{"@id":"https:\/\/baytekmuh.com\/hizmetlerimiz\/#breadcrumb"},"inLanguage":"en-US","potentialAction":[{"@type":"ReadAction","target":["https:\/\/baytekmuh.com\/hizmetlerimiz\/"]}]},{"@type":"ImageObject","inLanguage":"en-US","@id":"https:\/\/baytekmuh.com\/hizmetlerimiz\/#primaryimage","url":"https:\/\/baytekmuh.com\/wp-content\/uploads\/2025\/07\/Analiz.jpg","contentUrl":"https:\/\/baytekmuh.com\/wp-content\/uploads\/2025\/07\/Analiz.jpg"},{"@type":"BreadcrumbList","@id":"https:\/\/baytekmuh.com\/hizmetlerimiz\/#breadcrumb","itemListElement":[{"@type":"ListItem","position":1,"name":"Homepage","item":"https:\/\/baytekmuh.com\/"},{"@type":"ListItem","position":2,"name":"Services"}]},{"@type":"WebSite","@id":"https:\/\/baytekmuh.com\/#website","url":"https:\/\/baytekmuh.com\/","name":"BAYTEK M\u00dcHEND\u0130SL\u0130K","description":"BAYTEK M\u00dcHEND\u0130SL\u0130K","publisher":{"@id":"https:\/\/baytekmuh.com\/#organization"},"potentialAction":[{"@type":"SearchAction","target":{"@type":"EntryPoint","urlTemplate":"https:\/\/baytekmuh.com\/?s={search_term_string}"},"query-input":{"@type":"PropertyValueSpecification","valueRequired":true,"valueName":"search_term_string"}}],"inLanguage":"en-US"},{"@type":"Organization","@id":"https:\/\/baytekmuh.com\/#organization","name":"BAYTEK M\u00dcHEND\u0130SL\u0130K","url":"https:\/\/baytekmuh.com\/","logo":{"@type":"ImageObject","inLanguage":"en-US","@id":"https:\/\/baytekmuh.com\/#\/schema\/logo\/image\/","url":"https:\/\/baytekmuh.com\/wp-content\/uploads\/2024\/09\/baytek-muhendislik-logo.jpeg","contentUrl":"https:\/\/baytekmuh.com\/wp-content\/uploads\/2024\/09\/baytek-muhendislik-logo.jpeg","width":885,"height":196,"caption":"BAYTEK M\u00dcHEND\u0130SL\u0130K"},"image":{"@id":"https:\/\/baytekmuh.com\/#\/schema\/logo\/image\/"}}]}},"_links":{"self":[{"href":"https:\/\/baytekmuh.com\/en\/wp-json\/wp\/v2\/pages\/4067","targetHints":{"allow":["GET"]}}],"collection":[{"href":"https:\/\/baytekmuh.com\/en\/wp-json\/wp\/v2\/pages"}],"about":[{"href":"https:\/\/baytekmuh.com\/en\/wp-json\/wp\/v2\/types\/page"}],"author":[{"embeddable":true,"href":"https:\/\/baytekmuh.com\/en\/wp-json\/wp\/v2\/users\/1"}],"replies":[{"embeddable":true,"href":"https:\/\/baytekmuh.com\/en\/wp-json\/wp\/v2\/comments?post=4067"}],"version-history":[{"count":8,"href":"https:\/\/baytekmuh.com\/en\/wp-json\/wp\/v2\/pages\/4067\/revisions"}],"predecessor-version":[{"id":4116,"href":"https:\/\/baytekmuh.com\/en\/wp-json\/wp\/v2\/pages\/4067\/revisions\/4116"}],"wp:attachment":[{"href":"https:\/\/baytekmuh.com\/en\/wp-json\/wp\/v2\/media?parent=4067"}],"curies":[{"name":"wp","href":"https:\/\/api.w.org\/{rel}","templated":true}]}}