{"id":4104,"date":"2025-07-01T14:01:56","date_gmt":"2025-07-01T14:01:56","guid":{"rendered":"https:\/\/baytekmuh.com\/services\/consulting\/"},"modified":"2025-07-23T12:11:07","modified_gmt":"2025-07-23T12:11:07","slug":"consulting","status":"publish","type":"page","link":"https:\/\/baytekmuh.com\/en\/services\/consulting\/","title":{"rendered":"Consulting"},"content":{"rendered":"\t\t<div data-elementor-type=\"wp-page\" data-elementor-id=\"4104\" class=\"elementor elementor-4104 elementor-2472\" data-elementor-post-type=\"page\">\n\t\t\t\t<div class=\"elementor-element elementor-element-b357db9 e-flex e-con-boxed e-con e-parent\" data-id=\"b357db9\" data-element_type=\"container\">\n\t\t\t\t\t<div class=\"e-con-inner\">\n\t\t\t\t<div class=\"elementor-element elementor-element-fefaead elementor-widget elementor-widget-text-editor\" data-id=\"fefaead\" data-element_type=\"widget\" data-widget_type=\"text-editor.default\">\n\t\t\t\t<div class=\"elementor-widget-container\">\n\t\t\t\t\t\t\t\t\t<p class=\"p1\"><b>BAYTEK Engineering<\/b> offers comprehensive <b>technical consultancy services<\/b>, in addition to its expertise in mechanical design and project development. We provide engineering support tailored to the needs of industrial facilities, ensuring full compliance with both national and international standards delivering real value to our clients. <\/p><p class=\"p1\"><b>Our consultancy<\/b> services include, but are not limited to, the following areas:<br><br><\/p><ul class=\"ul1\"><li class=\"li1\"><b>Technical assessment of pressure equipment and systems<\/b><b><\/b><\/li><li class=\"li1\"><b>Guidance throughout CE certification processes<\/b><b><\/b><\/li><li class=\"li1\"><b>Consultancy for compliance with European and American standards, including EN 13445, EN 12952, EN 12953, EN 13480, ASME Section VIII Div.1 &amp; Div.2, and ASME B31.3<\/b><b><\/b><\/li><li class=\"li1\"><b>Conformity checks and engineering validation of existing equipment<\/b><b><\/b><\/li><li class=\"li1\"><b>Design verification and analysis for pressure vessels, heat exchangers, and tall towers<\/b><b><\/b><\/li><li class=\"li1\"><b>Stress and structural analysis for piping systems and storage tanks using tools like CAESAR II, TANK, GT STRUDL, etc.<\/b><b><\/b><\/li><\/ul><p> <\/p><p class=\"p1\">In addition, as the official Turkish representative of industry-leading software such as Intergraph, <b>CADWorx<\/b>, <b>CAESAR II<\/b>, <b>PV Elite<\/b>, <b>GT STRUDL<\/b>, <b>TANK<\/b>, and <b>NozzlePRO<\/b>, we also provide consultancy in software implementation, project application, and ongoing technical support.<\/p><p class=\"p1\"><b>Our mission<\/b> is to offer accurate and practical solutions to complex technical challenges, helping our clients enhance both the safety and efficiency of their projects.<\/p>\t\t\t\t\t\t\t\t<\/div>\n\t\t\t\t<\/div>\n\t\t\t\t\t<\/div>\n\t\t\t\t<\/div>\n\t\t\t\t<\/div>\n\t\t","protected":false},"excerpt":{"rendered":"<p>BAYTEK Engineering offers comprehensive technical consultancy services, in addition to its expertise in mechanical design and project development. We provide engineering support tailored to the needs of industrial facilities, ensuring full compliance with both national and international standards delivering real value to our clients. Our consultancy services include, but are not limited to, the following [&hellip;]<\/p>\n","protected":false},"author":1,"featured_media":0,"parent":4067,"menu_order":0,"comment_status":"closed","ping_status":"closed","template":"","meta":{"footnotes":""},"class_list":["post-4104","page","type-page","status-publish","hentry"],"yoast_head":"<!-- This site is optimized with the Yoast SEO plugin v25.5 - https:\/\/yoast.com\/wordpress\/plugins\/seo\/ -->\n<title>Consulting - BAYTEK M\u00dcHEND\u0130SL\u0130K<\/title>\n<meta name=\"robots\" content=\"index, follow, max-snippet:-1, max-image-preview:large, max-video-preview:-1\" \/>\n<link rel=\"canonical\" href=\"https:\/\/baytekmuh.com\/en\/services\/consulting\/\" \/>\n<meta property=\"og:locale\" content=\"en_US\" \/>\n<meta property=\"og:type\" content=\"article\" \/>\n<meta property=\"og:title\" content=\"Consulting - BAYTEK M\u00dcHEND\u0130SL\u0130K\" \/>\n<meta property=\"og:description\" content=\"BAYTEK Engineering offers comprehensive technical consultancy services, in addition to its expertise in mechanical design and project development. We provide engineering support tailored to the needs of industrial facilities, ensuring full compliance with both national and international standards delivering real value to our clients. Our consultancy services include, but are not limited to, the following [&hellip;]\" \/>\n<meta property=\"og:url\" content=\"https:\/\/baytekmuh.com\/en\/services\/consulting\/\" \/>\n<meta property=\"og:site_name\" content=\"BAYTEK M\u00dcHEND\u0130SL\u0130K\" \/>\n<meta property=\"article:modified_time\" content=\"2025-07-23T12:11:07+00:00\" \/>\n<meta name=\"twitter:card\" content=\"summary_large_image\" \/>\n<meta name=\"twitter:label1\" content=\"Est. reading time\" \/>\n\t<meta name=\"twitter:data1\" content=\"1 minute\" \/>\n<script type=\"application\/ld+json\" class=\"yoast-schema-graph\">{\"@context\":\"https:\/\/schema.org\",\"@graph\":[{\"@type\":\"WebPage\",\"@id\":\"https:\/\/baytekmuh.com\/en\/services\/consulting\/\",\"url\":\"https:\/\/baytekmuh.com\/en\/services\/consulting\/\",\"name\":\"Consulting - BAYTEK M\u00dcHEND\u0130SL\u0130K\",\"isPartOf\":{\"@id\":\"https:\/\/baytekmuh.com\/#website\"},\"datePublished\":\"2025-07-01T14:01:56+00:00\",\"dateModified\":\"2025-07-23T12:11:07+00:00\",\"breadcrumb\":{\"@id\":\"https:\/\/baytekmuh.com\/en\/services\/consulting\/#breadcrumb\"},\"inLanguage\":\"en-US\",\"potentialAction\":[{\"@type\":\"ReadAction\",\"target\":[\"https:\/\/baytekmuh.com\/en\/services\/consulting\/\"]}]},{\"@type\":\"BreadcrumbList\",\"@id\":\"https:\/\/baytekmuh.com\/en\/services\/consulting\/#breadcrumb\",\"itemListElement\":[{\"@type\":\"ListItem\",\"position\":1,\"name\":\"Homepage\",\"item\":\"https:\/\/baytekmuh.com\/\"},{\"@type\":\"ListItem\",\"position\":2,\"name\":\"Services\",\"item\":\"https:\/\/baytekmuh.com\/hizmetlerimiz\/\"},{\"@type\":\"ListItem\",\"position\":3,\"name\":\"Consulting\"}]},{\"@type\":\"WebSite\",\"@id\":\"https:\/\/baytekmuh.com\/#website\",\"url\":\"https:\/\/baytekmuh.com\/\",\"name\":\"BAYTEK M\u00dcHEND\u0130SL\u0130K\",\"description\":\"BAYTEK M\u00dcHEND\u0130SL\u0130K\",\"publisher\":{\"@id\":\"https:\/\/baytekmuh.com\/#organization\"},\"potentialAction\":[{\"@type\":\"SearchAction\",\"target\":{\"@type\":\"EntryPoint\",\"urlTemplate\":\"https:\/\/baytekmuh.com\/?s={search_term_string}\"},\"query-input\":{\"@type\":\"PropertyValueSpecification\",\"valueRequired\":true,\"valueName\":\"search_term_string\"}}],\"inLanguage\":\"en-US\"},{\"@type\":\"Organization\",\"@id\":\"https:\/\/baytekmuh.com\/#organization\",\"name\":\"BAYTEK M\u00dcHEND\u0130SL\u0130K\",\"url\":\"https:\/\/baytekmuh.com\/\",\"logo\":{\"@type\":\"ImageObject\",\"inLanguage\":\"en-US\",\"@id\":\"https:\/\/baytekmuh.com\/#\/schema\/logo\/image\/\",\"url\":\"https:\/\/baytekmuh.com\/wp-content\/uploads\/2024\/09\/baytek-muhendislik-logo.jpeg\",\"contentUrl\":\"https:\/\/baytekmuh.com\/wp-content\/uploads\/2024\/09\/baytek-muhendislik-logo.jpeg\",\"width\":885,\"height\":196,\"caption\":\"BAYTEK M\u00dcHEND\u0130SL\u0130K\"},\"image\":{\"@id\":\"https:\/\/baytekmuh.com\/#\/schema\/logo\/image\/\"}}]}<\/script>\n<!-- \/ Yoast SEO plugin. -->","yoast_head_json":{"title":"Consulting - BAYTEK M\u00dcHEND\u0130SL\u0130K","robots":{"index":"index","follow":"follow","max-snippet":"max-snippet:-1","max-image-preview":"max-image-preview:large","max-video-preview":"max-video-preview:-1"},"canonical":"https:\/\/baytekmuh.com\/en\/services\/consulting\/","og_locale":"en_US","og_type":"article","og_title":"Consulting - BAYTEK M\u00dcHEND\u0130SL\u0130K","og_description":"BAYTEK Engineering offers comprehensive technical consultancy services, in addition to its expertise in mechanical design and project development. We provide engineering support tailored to the needs of industrial facilities, ensuring full compliance with both national and international standards delivering real value to our clients. Our consultancy services include, but are not limited to, the following [&hellip;]","og_url":"https:\/\/baytekmuh.com\/en\/services\/consulting\/","og_site_name":"BAYTEK M\u00dcHEND\u0130SL\u0130K","article_modified_time":"2025-07-23T12:11:07+00:00","twitter_card":"summary_large_image","twitter_misc":{"Est. reading time":"1 minute"},"schema":{"@context":"https:\/\/schema.org","@graph":[{"@type":"WebPage","@id":"https:\/\/baytekmuh.com\/en\/services\/consulting\/","url":"https:\/\/baytekmuh.com\/en\/services\/consulting\/","name":"Consulting - BAYTEK M\u00dcHEND\u0130SL\u0130K","isPartOf":{"@id":"https:\/\/baytekmuh.com\/#website"},"datePublished":"2025-07-01T14:01:56+00:00","dateModified":"2025-07-23T12:11:07+00:00","breadcrumb":{"@id":"https:\/\/baytekmuh.com\/en\/services\/consulting\/#breadcrumb"},"inLanguage":"en-US","potentialAction":[{"@type":"ReadAction","target":["https:\/\/baytekmuh.com\/en\/services\/consulting\/"]}]},{"@type":"BreadcrumbList","@id":"https:\/\/baytekmuh.com\/en\/services\/consulting\/#breadcrumb","itemListElement":[{"@type":"ListItem","position":1,"name":"Homepage","item":"https:\/\/baytekmuh.com\/"},{"@type":"ListItem","position":2,"name":"Services","item":"https:\/\/baytekmuh.com\/hizmetlerimiz\/"},{"@type":"ListItem","position":3,"name":"Consulting"}]},{"@type":"WebSite","@id":"https:\/\/baytekmuh.com\/#website","url":"https:\/\/baytekmuh.com\/","name":"BAYTEK M\u00dcHEND\u0130SL\u0130K","description":"BAYTEK M\u00dcHEND\u0130SL\u0130K","publisher":{"@id":"https:\/\/baytekmuh.com\/#organization"},"potentialAction":[{"@type":"SearchAction","target":{"@type":"EntryPoint","urlTemplate":"https:\/\/baytekmuh.com\/?s={search_term_string}"},"query-input":{"@type":"PropertyValueSpecification","valueRequired":true,"valueName":"search_term_string"}}],"inLanguage":"en-US"},{"@type":"Organization","@id":"https:\/\/baytekmuh.com\/#organization","name":"BAYTEK M\u00dcHEND\u0130SL\u0130K","url":"https:\/\/baytekmuh.com\/","logo":{"@type":"ImageObject","inLanguage":"en-US","@id":"https:\/\/baytekmuh.com\/#\/schema\/logo\/image\/","url":"https:\/\/baytekmuh.com\/wp-content\/uploads\/2024\/09\/baytek-muhendislik-logo.jpeg","contentUrl":"https:\/\/baytekmuh.com\/wp-content\/uploads\/2024\/09\/baytek-muhendislik-logo.jpeg","width":885,"height":196,"caption":"BAYTEK M\u00dcHEND\u0130SL\u0130K"},"image":{"@id":"https:\/\/baytekmuh.com\/#\/schema\/logo\/image\/"}}]}},"_links":{"self":[{"href":"https:\/\/baytekmuh.com\/en\/wp-json\/wp\/v2\/pages\/4104","targetHints":{"allow":["GET"]}}],"collection":[{"href":"https:\/\/baytekmuh.com\/en\/wp-json\/wp\/v2\/pages"}],"about":[{"href":"https:\/\/baytekmuh.com\/en\/wp-json\/wp\/v2\/types\/page"}],"author":[{"embeddable":true,"href":"https:\/\/baytekmuh.com\/en\/wp-json\/wp\/v2\/users\/1"}],"replies":[{"embeddable":true,"href":"https:\/\/baytekmuh.com\/en\/wp-json\/wp\/v2\/comments?post=4104"}],"version-history":[{"count":1,"href":"https:\/\/baytekmuh.com\/en\/wp-json\/wp\/v2\/pages\/4104\/revisions"}],"predecessor-version":[{"id":4105,"href":"https:\/\/baytekmuh.com\/en\/wp-json\/wp\/v2\/pages\/4104\/revisions\/4105"}],"up":[{"embeddable":true,"href":"https:\/\/baytekmuh.com\/en\/wp-json\/wp\/v2\/pages\/4067"}],"wp:attachment":[{"href":"https:\/\/baytekmuh.com\/en\/wp-json\/wp\/v2\/media?parent=4104"}],"curies":[{"name":"wp","href":"https:\/\/api.w.org\/{rel}","templated":true}]}}