{"id":4106,"date":"2025-07-01T14:03:02","date_gmt":"2025-07-01T14:03:02","guid":{"rendered":"https:\/\/baytekmuh.com\/services\/design\/"},"modified":"2025-07-23T12:14:55","modified_gmt":"2025-07-23T12:14:55","slug":"design","status":"publish","type":"page","link":"https:\/\/baytekmuh.com\/en\/services\/design\/","title":{"rendered":"Design"},"content":{"rendered":"\t\t<div data-elementor-type=\"wp-page\" data-elementor-id=\"4106\" class=\"elementor elementor-4106 elementor-2477\" data-elementor-post-type=\"page\">\n\t\t\t\t<div class=\"elementor-element elementor-element-b357db9 e-flex e-con-boxed e-con e-parent\" data-id=\"b357db9\" data-element_type=\"container\">\n\t\t\t\t\t<div class=\"e-con-inner\">\n\t\t\t\t<div class=\"elementor-element elementor-element-fefaead elementor-widget elementor-widget-text-editor\" data-id=\"fefaead\" data-element_type=\"widget\" data-widget_type=\"text-editor.default\">\n\t\t\t\t<div class=\"elementor-widget-container\">\n\t\t\t\t\t\t\t\t\t<p class=\"p1\"><br><b>BAYTEK Engineering<\/b> provides reliable and optimized <b>design solutions<\/b> in the field of mechanical and pressure equipment, fully compliant with international standards. In addition to developing custom designs for new projects, we also offer <b>compliance verification<\/b> of existing designs according to <b>EN and ASME standards.<\/b><\/p>\n<p class=\"p1\">Each project is carefully evaluated with consideration for technical requirements, safety criteria, and cost efficiency. When requested, <b>detailed manufacturing drawings<\/b> are also prepared with high precision using <b>BricsCAD<\/b> software and delivered to the client.<\/p>\n<p class=\"p1\">With strong expertise in engineering calculations, analysis, and validation processes, <b>BAYTEK<\/b> aims to deliver not just a design, but a complete, application-ready engineering solution.<\/p>\t\t\t\t\t\t\t\t<\/div>\n\t\t\t\t<\/div>\n\t\t\t\t\t<\/div>\n\t\t\t\t<\/div>\n\t\t\t\t<\/div>\n\t\t","protected":false},"excerpt":{"rendered":"<p>BAYTEK Engineering provides reliable and optimized design solutions in the field of mechanical and pressure equipment, fully compliant with international standards. In addition to developing custom designs for new projects, we also offer compliance verification of existing designs according to EN and ASME standards. Each project is carefully evaluated with consideration for technical requirements, safety [&hellip;]<\/p>\n","protected":false},"author":1,"featured_media":0,"parent":4067,"menu_order":0,"comment_status":"closed","ping_status":"closed","template":"","meta":{"footnotes":""},"class_list":["post-4106","page","type-page","status-publish","hentry"],"yoast_head":"<!-- This site is optimized with the Yoast SEO plugin v25.5 - https:\/\/yoast.com\/wordpress\/plugins\/seo\/ -->\n<title>Design - BAYTEK M\u00dcHEND\u0130SL\u0130K<\/title>\n<meta name=\"robots\" content=\"index, follow, max-snippet:-1, max-image-preview:large, max-video-preview:-1\" \/>\n<link rel=\"canonical\" href=\"https:\/\/baytekmuh.com\/en\/services\/design\/\" \/>\n<meta property=\"og:locale\" content=\"en_US\" \/>\n<meta property=\"og:type\" content=\"article\" \/>\n<meta property=\"og:title\" content=\"Design - BAYTEK M\u00dcHEND\u0130SL\u0130K\" \/>\n<meta property=\"og:description\" content=\"BAYTEK Engineering provides reliable and optimized design solutions in the field of mechanical and pressure equipment, fully compliant with international standards. In addition to developing custom designs for new projects, we also offer compliance verification of existing designs according to EN and ASME standards. Each project is carefully evaluated with consideration for technical requirements, safety [&hellip;]\" \/>\n<meta property=\"og:url\" content=\"https:\/\/baytekmuh.com\/en\/services\/design\/\" \/>\n<meta property=\"og:site_name\" content=\"BAYTEK M\u00dcHEND\u0130SL\u0130K\" \/>\n<meta property=\"article:modified_time\" content=\"2025-07-23T12:14:55+00:00\" \/>\n<meta name=\"twitter:card\" content=\"summary_large_image\" \/>\n<meta name=\"twitter:label1\" content=\"Est. reading time\" \/>\n\t<meta name=\"twitter:data1\" content=\"1 minute\" \/>\n<script type=\"application\/ld+json\" class=\"yoast-schema-graph\">{\"@context\":\"https:\/\/schema.org\",\"@graph\":[{\"@type\":\"WebPage\",\"@id\":\"https:\/\/baytekmuh.com\/en\/services\/design\/\",\"url\":\"https:\/\/baytekmuh.com\/en\/services\/design\/\",\"name\":\"Design - BAYTEK M\u00dcHEND\u0130SL\u0130K\",\"isPartOf\":{\"@id\":\"https:\/\/baytekmuh.com\/#website\"},\"datePublished\":\"2025-07-01T14:03:02+00:00\",\"dateModified\":\"2025-07-23T12:14:55+00:00\",\"breadcrumb\":{\"@id\":\"https:\/\/baytekmuh.com\/en\/services\/design\/#breadcrumb\"},\"inLanguage\":\"en-US\",\"potentialAction\":[{\"@type\":\"ReadAction\",\"target\":[\"https:\/\/baytekmuh.com\/en\/services\/design\/\"]}]},{\"@type\":\"BreadcrumbList\",\"@id\":\"https:\/\/baytekmuh.com\/en\/services\/design\/#breadcrumb\",\"itemListElement\":[{\"@type\":\"ListItem\",\"position\":1,\"name\":\"Homepage\",\"item\":\"https:\/\/baytekmuh.com\/\"},{\"@type\":\"ListItem\",\"position\":2,\"name\":\"Services\",\"item\":\"https:\/\/baytekmuh.com\/hizmetlerimiz\/\"},{\"@type\":\"ListItem\",\"position\":3,\"name\":\"Design\"}]},{\"@type\":\"WebSite\",\"@id\":\"https:\/\/baytekmuh.com\/#website\",\"url\":\"https:\/\/baytekmuh.com\/\",\"name\":\"BAYTEK M\u00dcHEND\u0130SL\u0130K\",\"description\":\"BAYTEK M\u00dcHEND\u0130SL\u0130K\",\"publisher\":{\"@id\":\"https:\/\/baytekmuh.com\/#organization\"},\"potentialAction\":[{\"@type\":\"SearchAction\",\"target\":{\"@type\":\"EntryPoint\",\"urlTemplate\":\"https:\/\/baytekmuh.com\/?s={search_term_string}\"},\"query-input\":{\"@type\":\"PropertyValueSpecification\",\"valueRequired\":true,\"valueName\":\"search_term_string\"}}],\"inLanguage\":\"en-US\"},{\"@type\":\"Organization\",\"@id\":\"https:\/\/baytekmuh.com\/#organization\",\"name\":\"BAYTEK M\u00dcHEND\u0130SL\u0130K\",\"url\":\"https:\/\/baytekmuh.com\/\",\"logo\":{\"@type\":\"ImageObject\",\"inLanguage\":\"en-US\",\"@id\":\"https:\/\/baytekmuh.com\/#\/schema\/logo\/image\/\",\"url\":\"https:\/\/baytekmuh.com\/wp-content\/uploads\/2024\/09\/baytek-muhendislik-logo.jpeg\",\"contentUrl\":\"https:\/\/baytekmuh.com\/wp-content\/uploads\/2024\/09\/baytek-muhendislik-logo.jpeg\",\"width\":885,\"height\":196,\"caption\":\"BAYTEK M\u00dcHEND\u0130SL\u0130K\"},\"image\":{\"@id\":\"https:\/\/baytekmuh.com\/#\/schema\/logo\/image\/\"}}]}<\/script>\n<!-- \/ Yoast SEO plugin. -->","yoast_head_json":{"title":"Design - BAYTEK M\u00dcHEND\u0130SL\u0130K","robots":{"index":"index","follow":"follow","max-snippet":"max-snippet:-1","max-image-preview":"max-image-preview:large","max-video-preview":"max-video-preview:-1"},"canonical":"https:\/\/baytekmuh.com\/en\/services\/design\/","og_locale":"en_US","og_type":"article","og_title":"Design - BAYTEK M\u00dcHEND\u0130SL\u0130K","og_description":"BAYTEK Engineering provides reliable and optimized design solutions in the field of mechanical and pressure equipment, fully compliant with international standards. In addition to developing custom designs for new projects, we also offer compliance verification of existing designs according to EN and ASME standards. Each project is carefully evaluated with consideration for technical requirements, safety [&hellip;]","og_url":"https:\/\/baytekmuh.com\/en\/services\/design\/","og_site_name":"BAYTEK M\u00dcHEND\u0130SL\u0130K","article_modified_time":"2025-07-23T12:14:55+00:00","twitter_card":"summary_large_image","twitter_misc":{"Est. reading time":"1 minute"},"schema":{"@context":"https:\/\/schema.org","@graph":[{"@type":"WebPage","@id":"https:\/\/baytekmuh.com\/en\/services\/design\/","url":"https:\/\/baytekmuh.com\/en\/services\/design\/","name":"Design - BAYTEK M\u00dcHEND\u0130SL\u0130K","isPartOf":{"@id":"https:\/\/baytekmuh.com\/#website"},"datePublished":"2025-07-01T14:03:02+00:00","dateModified":"2025-07-23T12:14:55+00:00","breadcrumb":{"@id":"https:\/\/baytekmuh.com\/en\/services\/design\/#breadcrumb"},"inLanguage":"en-US","potentialAction":[{"@type":"ReadAction","target":["https:\/\/baytekmuh.com\/en\/services\/design\/"]}]},{"@type":"BreadcrumbList","@id":"https:\/\/baytekmuh.com\/en\/services\/design\/#breadcrumb","itemListElement":[{"@type":"ListItem","position":1,"name":"Homepage","item":"https:\/\/baytekmuh.com\/"},{"@type":"ListItem","position":2,"name":"Services","item":"https:\/\/baytekmuh.com\/hizmetlerimiz\/"},{"@type":"ListItem","position":3,"name":"Design"}]},{"@type":"WebSite","@id":"https:\/\/baytekmuh.com\/#website","url":"https:\/\/baytekmuh.com\/","name":"BAYTEK M\u00dcHEND\u0130SL\u0130K","description":"BAYTEK M\u00dcHEND\u0130SL\u0130K","publisher":{"@id":"https:\/\/baytekmuh.com\/#organization"},"potentialAction":[{"@type":"SearchAction","target":{"@type":"EntryPoint","urlTemplate":"https:\/\/baytekmuh.com\/?s={search_term_string}"},"query-input":{"@type":"PropertyValueSpecification","valueRequired":true,"valueName":"search_term_string"}}],"inLanguage":"en-US"},{"@type":"Organization","@id":"https:\/\/baytekmuh.com\/#organization","name":"BAYTEK M\u00dcHEND\u0130SL\u0130K","url":"https:\/\/baytekmuh.com\/","logo":{"@type":"ImageObject","inLanguage":"en-US","@id":"https:\/\/baytekmuh.com\/#\/schema\/logo\/image\/","url":"https:\/\/baytekmuh.com\/wp-content\/uploads\/2024\/09\/baytek-muhendislik-logo.jpeg","contentUrl":"https:\/\/baytekmuh.com\/wp-content\/uploads\/2024\/09\/baytek-muhendislik-logo.jpeg","width":885,"height":196,"caption":"BAYTEK M\u00dcHEND\u0130SL\u0130K"},"image":{"@id":"https:\/\/baytekmuh.com\/#\/schema\/logo\/image\/"}}]}},"_links":{"self":[{"href":"https:\/\/baytekmuh.com\/en\/wp-json\/wp\/v2\/pages\/4106","targetHints":{"allow":["GET"]}}],"collection":[{"href":"https:\/\/baytekmuh.com\/en\/wp-json\/wp\/v2\/pages"}],"about":[{"href":"https:\/\/baytekmuh.com\/en\/wp-json\/wp\/v2\/types\/page"}],"author":[{"embeddable":true,"href":"https:\/\/baytekmuh.com\/en\/wp-json\/wp\/v2\/users\/1"}],"replies":[{"embeddable":true,"href":"https:\/\/baytekmuh.com\/en\/wp-json\/wp\/v2\/comments?post=4106"}],"version-history":[{"count":1,"href":"https:\/\/baytekmuh.com\/en\/wp-json\/wp\/v2\/pages\/4106\/revisions"}],"predecessor-version":[{"id":4107,"href":"https:\/\/baytekmuh.com\/en\/wp-json\/wp\/v2\/pages\/4106\/revisions\/4107"}],"up":[{"embeddable":true,"href":"https:\/\/baytekmuh.com\/en\/wp-json\/wp\/v2\/pages\/4067"}],"wp:attachment":[{"href":"https:\/\/baytekmuh.com\/en\/wp-json\/wp\/v2\/media?parent=4106"}],"curies":[{"name":"wp","href":"https:\/\/api.w.org\/{rel}","templated":true}]}}